{"id":7708,"date":"2022-04-19T13:08:14","date_gmt":"2022-04-19T11:08:14","guid":{"rendered":"https:\/\/www.gremipabcn.com\/?page_id=7708"},"modified":"2023-05-22T15:20:07","modified_gmt":"2023-05-22T13:20:07","slug":"politica-de-privacitat","status":"publish","type":"page","link":"https:\/\/www.gremipabcn.com\/ca\/politica-de-privacitat\/","title":{"rendered":"POL\u00cdTICA DE PRIVACITAT"},"content":{"rendered":"<header class=\"text-center\">\n<h2 class=\"m-auto wp-block-heading\"><span>POL\u00cdTICA DE PRIVACITAT DEL LLOC WEB<\/span><\/h2>\n<h4><span class=\"blanc-space ng-binding\"><span>https:\/\/www.gremipabcn.com\/<\/span><\/span><\/h4>\n<\/header>\n<div>\n<h3><span>I. POL\u00cdTICA DE PRIVACITAT I PROTECCI\u00d3 DE DADES<\/span><\/h3>\n<p><span>Respectant all\u00f2 establert a la legislaci\u00f3 vigent,\u00a0\u00a0<\/span><span class=\"blanc-space ng-binding\"><span>Gremi de Forners de Barcelona<\/span><\/span><span>\u00a0\u00a0(d&#8217;ara endavant, tamb\u00e9 Lloc Web) es compromet a adoptar les mesures t\u00e8cniques i organitzatives necess\u00e0ries, segons el nivell de seguretat adequat al risc de les dades recollides.<\/span><\/p>\n<h4><span>Lleis que incorpora aquesta pol\u00edtica de privadesa<\/span><\/h4>\n<p><span><span class=\"\">Aquesta pol\u00edtica de privadesa est\u00e0 adaptada a la normativa espanyola i europea vigent en mat\u00e8ria de protecci\u00f3 de dades personals a internet.\u00a0<\/span>En concret, aquesta respecta les seg\u00fcents normes:<\/span><\/p>\n<ul>\n<li><span>El Reglament (UE) 2016\/679 del Parlament Europeu i del Consell, de 27 d&#8217;abril del 2016, relatiu a la protecci\u00f3 de les persones f\u00edsiques pel que fa al tractament de dades personals ia la lliure circulaci\u00f3 d&#8217;aquestes dades (RGPD).<\/span><\/li>\n<li><span>La Llei Org\u00e0nica 3\/2018, del 5 de desembre, de Protecci\u00f3 de Dades Personals i garantia dels drets digitals (LOPD-GDD).<\/span><\/li>\n<li><span>El Reial decret 1720\/2007, de 21 de desembre, pel qual saprova el Reglament de desplegament de la Llei Org\u00e0nica 15\/1999, de 13 de desembre, de Protecci\u00f3 de Dades de Car\u00e0cter Personal (RDLOPD).<\/span><\/li>\n<li><span>La Llei 34\/2002, de 11 de juliol, de Serveis de la Societat de la Informaci\u00f3 i de Comer\u00e7 Electr\u00f2nic (LSSI-CE).<\/span><\/li>\n<\/ul>\n<h4><span>Identitat del responsable del tractament de les dades personals<\/span><\/h4>\n<p class=\"\"><span><span class=\"\">El responsable del tractament de les dades personals recollides a\u00a0\u00a0<\/span><\/span><span class=\"blanc-space ng-binding\"><span><span class=\"\">Gremi de Forners de Barcelona<\/span><\/span><\/span><span><span class=\"\">\u00a0\u00a0\u00e9s:\u00a0\u00a0<\/span><\/span><span class=\"blanc-space ng-binding\"><span><span class=\"\">Gremi de Forners de Barcelona<\/span><\/span><\/span><span><span class=\"\">\u00a0, prove\u00efda de NIF\/CIF:\u00a0\u00a0<\/span><\/span><span class=\"blanc-space ng-binding\"><span><span class=\"\">G-08263436<\/span><\/span><\/span><span><span class=\"\">\u00a0\u00a0i inscrit a: amb les dades registrals seg\u00fcents: , el representant del qual \u00e9s: (d&#8217;ara endavant , Responsable del tractament).\u00a0<\/span>Les vostres dades de contacte s\u00f3n les seg\u00fcents:<\/span><\/p>\n<p><span>Adre\u00e7a:\u00a0\u00a0<\/span><span class=\"blanc-space ng-binding\"><span>PAU CLARIS, 134, PRAL., Codi postal 08009 de Barcelona<\/span><\/span><\/p>\n<p><span>Tel\u00e8fon de contacte:\u00a0\u00a0<\/span><span class=\"blanc-space ng-binding\"><span>93 215 55 00<\/span><\/span><\/p>\n<p><span>Email de contacte:\u00a0\u00a0<\/span><span class=\"blanc-space ng-binding\"><span>info@gremipabcn.com<\/span><\/span><\/p>\n<h4><span>Registre de Dades de Car\u00e0cter Personal<\/span><\/h4>\n<p><span>En compliment del que estableixen el RGPD i la LOPD-GDD, us informem que les dades personals demanades pel\u00a0\u00a0<\/span><span class=\"blanc-space ng-binding\"><span>Gremi de Forners de Barcelona<\/span><\/span><span>\u00a0, \u200b\u200bmitjan\u00e7ant els formularis estesos a les vostres p\u00e0gines quedaran incorporats i seran tractats al nostre fitxer per tal de poder facilitar, agilitzar i complir els compromisos establerts entre\u00a0\u00a0<\/span><span class=\"blanc-space ng-binding\"><span>Gremi de Forners de Barcelona<\/span><\/span><span>\u00a0i l&#8217;Usuari o el manteniment de la relaci\u00f3 que s&#8217;estableixi als formularis que aquest empleni, o per atendre&#8217;n una sol\u00b7licitud o consulta.\u00a0Aix\u00ed mateix, de conformitat amb el que preveu el RGPD i la LOPD-GDD, llevat que sigui aplicable l&#8217;excepci\u00f3 prevista a l&#8217;article 30.5 del RGPD, es mant\u00e9 un registre d&#8217;activitats de tractament que especifica, segons les seves finalitats, les activitats de tractament dutes a terme i les altres circumst\u00e0ncies establertes al RGPD.<\/span><\/p>\n<h4><span>Principis aplicables al tractament de les dades personals<\/span><\/h4>\n<p><span>El tractament de les dades personals de l&#8217;Usuari se sotmetr\u00e0 als seg\u00fcents principis recollits a l&#8217;article 5 del RGPD ia l&#8217;article 4 i seg\u00fcents de la Llei Org\u00e0nica 3\/2018, de 5 de desembre, de Protecci\u00f3 de Dades Personals i garantia dels drets digitals:<\/span><\/p>\n<ul>\n<li><span>Principi de licitud, lleialtat i transpar\u00e8ncia: es requerir\u00e0 en tot moment el consentiment de l&#8217;Usuari pr\u00e8via informaci\u00f3 completament transparent de les finalitats per a les quals es recullen les dades personals.<\/span><\/li>\n<li><span>Principi de limitaci\u00f3 de la finalitat: les dades personals seran recollides amb fins determinats, expl\u00edcits i leg\u00edtims.<\/span><\/li>\n<li><span>Principi de minimitzaci\u00f3 de dades: les dades personals recollides seran \u00fanicament les estrictament necess\u00e0ries en relaci\u00f3 amb les finalitats per a les quals s\u00f3n tractades.<\/span><\/li>\n<li><span>Principi d&#8217;exactitud: les dades personals han de ser exactes i estar sempre actualitzades.<\/span><\/li>\n<li><span>Principi de limitaci\u00f3 del termini de conservaci\u00f3: les dades personals nom\u00e9s seran mantingudes de manera que es permeti la identificaci\u00f3 de l&#8217;Usuari durant el temps necessari per als fins del tractament.<\/span><\/li>\n<li><span>Principi d&#8217;integritat i confidencialitat: les dades personals seran tractades de manera que se&#8217;n garanteixi la seguretat i la confidencialitat.<\/span><\/li>\n<li><span>Principi de responsabilitat proactiva: el responsable del tractament ser\u00e0 responsable d&#8217;assegurar que els principis anteriors es compleixen.<\/span><\/li>\n<\/ul>\n<h4><span>Categories de dades personals<\/span><\/h4>\n<p><span>Les categories de dades que es tracten a\u00a0\u00a0<\/span><span class=\"blanc-space ng-binding\"><span>Gremi de Forners de Barcelona<\/span><\/span><span>\u00a0\u00a0s\u00f3n \u00fanicament dades identificatives.\u00a0En cap cas, no es tracten categories especials de dades personals en el sentit de l&#8217;article 9 del RGPD.<\/span><\/p>\n<h4><span>Base legal per al tractament de les dades personals<\/span><\/h4>\n<p><span>La base legal per al tractament de les dades personals \u00e9s el consentiment.\u00a0<\/span><span class=\"blanc-space ng-binding\"><span>Gremi de Forners de Barcelona<\/span><\/span><span>\u00a0\u00a0es compromet a demanar el consentiment expr\u00e9s i verificable de l&#8217;Usuari per al tractament de les seves dades personals per a un o diversos fins espec\u00edfics.<\/span><\/p>\n<p><span>L&#8217;Usuari tindr\u00e0 dret a retirar el consentiment en qualsevol moment.\u00a0Ser\u00e0 tan f\u00e0cil retirar el consentiment com donar-ho.\u00a0Com a regla general, la retirada del consentiment no condicionar\u00e0 l\u00fas del Lloc Web.<\/span><\/p>\n<p><span>En les ocasions en qu\u00e8 l&#8217;Usuari hagi o pugui facilitar les seves dades a trav\u00e9s de formularis per fer consultes, sol\u00b7licitar informaci\u00f3 o per motius relacionats amb el contingut del Lloc Web, se us informar\u00e0 en cas que l&#8217;emplenament d&#8217;algun d&#8217;ells sigui obligat\u00f2ria pel fet que aquests siguin imprescindibles per al desenvolupament correcte de l&#8217;operaci\u00f3 realitzada.<\/span><\/p>\n<h4><span>Fins del tractament a qu\u00e8 es destinen les dades personals<\/span><\/h4>\n<p><span>Les dades personals s\u00f3n recollides i gestionades per\u00a0\u00a0<\/span><span class=\"blanc-space ng-binding\"><span>Gremi de Forners de Barcelona<\/span><\/span><span>\u00a0\u00a0amb la finalitat de poder facilitar, agilitzar i complir els compromisos establerts entre el Lloc Web i l&#8217;Usuari o el manteniment de la relaci\u00f3 que s&#8217;estableixi als formularis que aquest \u00faltim empleni o per atendre una sol\u00b7licitud o consulta.<\/span><\/p>\n<p><span>Igualment, les dades podran ser utilitzades amb una finalitat comercial de personalitzaci\u00f3, operativa i estad\u00edstica, i activitats pr\u00f2pies de l&#8217;objecte social de\u00a0\u00a0<\/span><span class=\"blanc-space ng-binding\"><span>Gremi de Forners de Barcelona<\/span><\/span><span>\u00a0, \u200b\u200baix\u00ed com per a l&#8217;extracci\u00f3, emmagatzematge de dades i estudis de m\u00e0rqueting per adequar el contingut ofert al Usuari, aix\u00ed com millorar la qualitat, funcionament i navegaci\u00f3 pel Lloc Web.<\/span><\/p>\n<p><span>En el moment en qu\u00e8 s&#8217;obtinguin les dades personals, s&#8217;informar\u00e0 l&#8217;Usuari sobre la finalitat o les finalitats espec\u00edfiques del tractament a qu\u00e8 es destinaran les dades personals;\u00a0\u00e9s a dir, de l&#8217;\u00fas o els usos que es donar\u00e0 a la informaci\u00f3 recopilada.<\/span><\/p>\n<h4><span>Per\u00edodes de retenci\u00f3 de les dades personals<\/span><\/h4>\n<p><span>Les dades personals nom\u00e9s seran retingudes durant el temps m\u00ednim necessari per als fins del seu tractament i, en tot cas, \u00fanicament durant el termini seg\u00fcent: , o fins que l&#8217;Usuari sol\u00b7liciti la seva supressi\u00f3.<\/span><\/p>\n<p><span>En el moment en qu\u00e8 s&#8217;obtinguin les dades personals, s&#8217;informar\u00e0 l&#8217;usuari sobre el termini durant el qual es conservaran les dades personals o, quan aix\u00f2 no sigui possible, els criteris utilitzats per determinar aquest termini.<\/span><\/p>\n<h4><span>Destinataris de les dades personals<\/span><\/h4>\n<p><span>Les dades personals de l&#8217;Usuari seran compartides amb els seg\u00fcents destinataris o categories de destinataris:<\/span><\/p>\n<p class=\"text-wrap ng-binding\"><span>Google LLC \u2013 1600 Amphitheatre Parkway Mountain View, Calif\u00f2rnia, Estats Units<\/span><\/p>\n<p><span>En cas que el Responsable del tractament tingui la intenci\u00f3 de transferir dades personals a un tercer pa\u00eds o organitzaci\u00f3 internacional, en el moment que s&#8217;obtinguin les dades personals, s&#8217;informar\u00e0 l&#8217;Usuari sobre el tercer pa\u00eds o organitzaci\u00f3 internacional al qual es t\u00e9 intenci\u00f3 de transferir les dades, aix\u00ed com de l\u201fexist\u00e8ncia o abs\u00e8ncia d\u201funa decisi\u00f3 d\u201fadequaci\u00f3 de la Comissi\u00f3.<\/span><\/p>\n<h4><span>Dades personals de menors d&#8217;edat<\/span><\/h4>\n<p><span>Respectant all\u00f2 establert als articles 8 del RGPD i 7 de la Llei Org\u00e0nica 3\/2018, de 5 de desembre, de Protecci\u00f3 de Dades Personals i garantia dels drets digitals, nom\u00e9s els majors de 14 anys podran atorgar el seu consentiment per al tractament de les seves dades personals de forma l\u00edcita per\u00a0\u00a0<\/span><span class=\"blanc-space ng-binding\"><span>Gremi de Forners de Barcelona<\/span><\/span><span>\u00a0.\u00a0Si es tracta d&#8217;un menor de 14 anys, caldr\u00e0 el consentiment dels pares o tutors per al tractament, i aquest nom\u00e9s es considerar\u00e0 l\u00edcit en la mesura que aquests ho hagin autoritzat.<\/span><\/p>\n<h4><span>Secret i seguretat de les dades personals<\/span><\/h4>\n<p><span class=\"blanc-space ng-binding\"><span>Gremi de Forners de Barcelona<\/span><\/span><span>\u00a0\u00a0es compromet a adoptar les mesures t\u00e8cniques i organitzatives necess\u00e0ries, segons el nivell de seguretat adequat al risc de les dades recollides, de manera que es garanteixi la seguretat de les dades de car\u00e0cter personal i s&#8217;eviti la destrucci\u00f3, p\u00e8rdua o alteraci\u00f3 accidental o il\u00b7l\u00edcita de dades personals transmeses, conservades o tractades d&#8217;una altra manera, o la comunicaci\u00f3 o acc\u00e9s no autoritzats a aquestes dades.<\/span><\/p>\n<p class=\"\"><span>El Lloc Web compta amb un certificat SSL (Secure Socket Layer), que assegura que les dades personals es transmeten de manera segura i confidencial, en ser la transmissi\u00f3 de les dades entre el servidor i l&#8217;Usuari, i en retroalimentaci\u00f3, totalment xifrada o encriptada .<\/span><\/p>\n<p><span>Tot i aix\u00f2, pel fet que\u00a0\u00a0<\/span><span class=\"blanc-space ng-binding\"><span>Gremi de Forners de Barcelona<\/span><\/span><span>\u00a0\u00a0no pot garantir la inexpugnabilitat d&#8217;internet ni l&#8217;abs\u00e8ncia total de hackers o altres que accedeixin de manera fraudulent a les dades personals, el Responsable del tractament es compromet a comunicar a l&#8217;Usuari sense dilaci\u00f3 indeguda quan ocorri una violaci\u00f3 de la seguretat de les dades personals que sigui probable que comporti un alt risc per als drets i llibertats de les persones f\u00edsiques.\u00a0Seguint el que estableix l&#8217;article 4 del RGPD, s&#8217;ent\u00e9n per violaci\u00f3 de la seguretat de les dades personals tota violaci\u00f3 de la seguretat que ocasioni la destrucci\u00f3, p\u00e8rdua o alteraci\u00f3 accidental o il\u00b7l\u00edcita de dades personals transmeses, conservades o tractades d&#8217;una altra manera, o la comunicaci\u00f3 o acc\u00e9s no autoritzats a aquestes dades.<\/span><\/p>\n<p><span>Les dades personals seran tractades com a confidencials pel Responsable del tractament, qui es compromet a informar de ia garantir per mitj\u00e0 d&#8217;una obligaci\u00f3 legal o contractual que aquesta confidencialitat sigui respectada pels seus empleats, associats, i tota persona a qui li faci accessible la informaci\u00f3.<\/span><\/p>\n<h4><span>Drets derivats del tractament de les dades personals<\/span><\/h4>\n<p><span>L&#8217;Usuari t\u00e9 sobre\u00a0\u00a0<\/span><span class=\"blanc-space ng-binding\"><span>Gremi de Forners de Barcelona<\/span><\/span><span>\u00a0\u00a0i podr\u00e0, per tant, exercir davant del Responsable del tractament els seg\u00fcents drets reconeguts al RGPD i la Llei Org\u00e0nica 3\/2018, de 5 de desembre, de Protecci\u00f3 de Dades Personals i garantia dels drets digitals:<\/span><\/p>\n<ul>\n<li><i><span>Dret d&#8217;acc\u00e9s:<\/span><\/i><span>\u00a0\u00a0\u00c9s el dret de l&#8217;Usuari a obtenir confirmaci\u00f3 de si\u00a0\u00a0<\/span><span class=\"blanc-space ng-binding\"><span>Gremi de Forners de Barcelona<\/span><\/span><span>\u00a0\u00a0est\u00e0 tractant o no les vostres dades personals i, en cas afirmatiu, obtenir informaci\u00f3 sobre les vostres dades concretes de car\u00e0cter personal i del tractament que\u00a0\u00a0<\/span><span class=\"blanc-space ng-binding\"><span>Gremi de Forners de Barcelona<\/span><\/span><span>\u00a0\u00a0hagi realitzat o realitzi, aix\u00ed com, entre una altra, de la informaci\u00f3 disponible sobre l&#8217;origen de les dades esmentades i els destinataris de les comunicacions realitzades o previstes d&#8217;aquestes dades.<\/span><\/li>\n<li><i><span>Dret de rectificaci\u00f3:<\/span><\/i><span>\u00a0\u00a0\u00c9s el dret de l&#8217;Usuari al fet que es modifiquin les seves dades personals que resultin ser inexactes o, tenint en compte els fins del tractament, incomplets.<\/span><\/li>\n<li><i><span>Dret de supressi\u00f3 (\u201cel dret a l&#8217;oblit\u201d):<\/span><\/i><span>\u00a0\u00c9s el dret de l&#8217;Usuari, sempre que la legislaci\u00f3 vigent no estableixi el contrari, a obtenir la supressi\u00f3 de les dades personals quan aquestes ja no siguin necess\u00e0ries per als fins per als quals van ser recollits o tractats;\u00a0l&#8217;Usuari hagi retirat el consentiment al tractament i aquest no compti amb una altra base legal;\u00a0l&#8217;Usuari s&#8217;oposi al tractament i no hi hagi cap altre motiu leg\u00edtim per continuar amb aquest;\u00a0les dades personals hagin estat tractades il\u00b7l\u00edcitament;\u00a0les dades personals s&#8217;han de suprimir en compliment d&#8217;una obligaci\u00f3 legal;\u00a0o les dades personals hagin estat obtingudes producte duna oferta directa de serveis de la societat de la informaci\u00f3 a un menor de 14 anys.\u00a0A m\u00e9s de suprimir les dades, el Responsable del tractament, tenint en compte la tecnologia disponible i el cost de la seva aplicaci\u00f3,<\/span><\/li>\n<li><i><span>Dret a la limitaci\u00f3 del tractament:<\/span><\/i><span>\u00a0\u00a0\u00c9s el dret de l&#8217;Usuari a limitar el tractament de les vostres dades personals.\u00a0L&#8217;Usuari t\u00e9 dret a obtenir la limitaci\u00f3 del tractament quan impugni l&#8217;exactitud de les dades personals;\u00a0el tractament sigui il\u00b7l\u00edcit;\u00a0el Responsable del tractament ja no necessiti les dades personals, per\u00f2 l&#8217;Usuari ho necessiti per fer reclamacions;\u00a0i quan l&#8217;usuari s&#8217;hagi oposat al tractament.<\/span><\/li>\n<li><i><span>Dret a la portabilitat de les dades:<\/span><\/i><span>\u00a0\u00a0En cas que el tractament s&#8217;efectu\u00ef per mitjans automatitzats, l&#8217;Usuari tindr\u00e0 dret a rebre del Responsable del tractament les dades personals en un format estructurat, d&#8217;\u00fas com\u00fa i lectura mec\u00e0nica, ia transmetre&#8217;ls a un altre responsable del tractament.\u00a0Sempre que sigui t\u00e8cnicament possible, el responsable del tractament transmetr\u00e0 directament les dades a aquest altre responsable.<\/span><\/li>\n<li><i><span>Dret d&#8217;oposici\u00f3:<\/span><\/i><span>\u00a0\u00a0\u00c9s el dret de l&#8217;Usuari que no es dugui a terme el tractament de les vostres dades de car\u00e0cter personal o se&#8217;n cessi el tractament per part de\u00a0\u00a0<\/span><span class=\"blanc-space ng-binding\"><span>Gremi de Forners de Barcelona<\/span><\/span><span>\u00a0.<\/span><\/li>\n<li><i><span>Dret a no ser objecte d&#8217;una decisi\u00f3 basada \u00fanicament en el tractament automatitzat, inclosa l&#8217;elaboraci\u00f3 de perfils:<\/span><\/i><span>\u00a0\u00a0\u00c9s el dret de l&#8217;Usuari a no ser objecte d&#8217;una decisi\u00f3 individualitzada basada \u00fanicament en el tractament automatitzat de les vostres dades personals, inclosa l&#8217;elaboraci\u00f3 de perfils , existent llevat que la legislaci\u00f3 vigent estableixi el contrari.<\/span><\/li>\n<\/ul>\n<p><span>Aix\u00ed doncs, l&#8217;Usuari podr\u00e0 exercitar els seus drets mitjan\u00e7ant comunicaci\u00f3 escrita adre\u00e7ada al Responsable del tractament amb la refer\u00e8ncia \u201cRGPD-https:\u00a0<\/span><span class=\"blanc-space ng-binding\"><span>\/\/www.gremipabcn.com\/<\/span><\/span><span>\u00a0\u201d, especificant:<\/span><\/p>\n<ul>\n<li><span>Nom, cognoms de l&#8217;usuari i c\u00f2pia del DNI.\u00a0En els casos en qu\u00e8 s&#8217;admeti la representaci\u00f3, tamb\u00e9 ser\u00e0 necess\u00e0ria la identificaci\u00f3 pel mateix mitj\u00e0 de la persona que representa l&#8217;Usuari, aix\u00ed com el document acreditatiu de la representaci\u00f3.\u00a0La fotoc\u00f2pia del DNI podr\u00e0 ser substitu\u00efda per qualsevol altre mitj\u00e0 v\u00e0lid en dret que acrediti la identitat.<\/span><\/li>\n<li><span>Petici\u00f3 amb els motius espec\u00edfics de la sol\u00b7licitud o informaci\u00f3 a qu\u00e8 es vol accedir.<\/span><\/li>\n<li><span>Domicili a efectes de notificacions.<\/span><\/li>\n<li><span>Data i signatura del sol\u00b7licitant.<\/span><\/li>\n<li><span>Tot document que acrediti la petici\u00f3 que formula.<\/span><\/li>\n<\/ul>\n<p><span>Aquesta sol\u00b7licitud i qualsevol altre document adjunt podr\u00e0 enviar-se a la seg\u00fcent adre\u00e7a i\/o correu electr\u00f2nic:<\/span><\/p>\n<p><span>Adre\u00e7a postal:\u00a0\u00a0<\/span><span class=\"blanc-space ng-binding\"><span>PAU CLARIS, 134, PRAL., Codi postal 08009 de Barcelona<\/span><\/span><\/p>\n<p><span>Correu electr\u00f2nic:\u00a0\u00a0<\/span><span class=\"blanc-space ng-binding\"><span>info@gremipabcn.com<\/span><\/span><\/p>\n<h4><span>Enlla\u00e7os a llocs web de tercers<\/span><\/h4>\n<p><span>El Lloc Web pot incloure hipervincles o enlla\u00e7os que permeten accedir a p\u00e0gines web de tercers diferents de\u00a0\u00a0<\/span><span class=\"blanc-space ng-binding\"><span>Gremi de Forners de Barcelona<\/span><\/span><span>\u00a0, \u200b\u200bi que per tant no s\u00f3n operats per\u00a0\u00a0<\/span><span class=\"blanc-space ng-binding\"><span>Gremi de Forners de Barcelona<\/span><\/span><span>\u00a0.\u00a0Els titulars d&#8217;aquests llocs web disposaran de les seves pr\u00f2pies pol\u00edtiques de protecci\u00f3 de dades, i ells mateixos seran, en cada cas, responsables dels seus propis fitxers i de les seves pr\u00f2pies pr\u00e0ctiques de privadesa.<\/span><\/p>\n<h4><span>Reclamacions davant de l&#8217;autoritat de control<\/span><\/h4>\n<p><span>En cas que l&#8217;Usuari consideri que hi ha un problema o infracci\u00f3 de la normativa vigent en la forma com s&#8217;estan tractant les dades personals, tindr\u00e0 dret a la tutela judicial efectiva ia presentar una reclamaci\u00f3 davant d&#8217;una autoritat de control, en particular, a l&#8217;Estat on tingui la resid\u00e8ncia habitual, el lloc de treball o el lloc de la suposada infracci\u00f3.\u00a0En el cas dEspanya, lautoritat de control \u00e9s lAg\u00e8ncia Espanyola de Protecci\u00f3 de Dades (https:\/\/www.aepd.es\/).<\/span><\/p>\n<h3><span>II.\u00a0ACCEPTACI\u00d3 I CANVIS EN AQUESTA POL\u00cdTICA DE PRIVACITAT<\/span><\/h3>\n<p><span>Cal que l&#8217;Usuari hagi llegit i estigui conforme amb les condicions sobre la protecci\u00f3 de dades de car\u00e0cter personal contingudes en aquesta Pol\u00edtica de Privadesa, aix\u00ed com que accepti el tractament de les seves dades personals perqu\u00e8 el Responsable del tractament pugui procedir-hi a la forma, durant els terminis i per a les finalitats indicades.\u00a0L&#8217;\u00fas del Lloc Web implicar\u00e0 l&#8217;acceptaci\u00f3 de la Pol\u00edtica de Privadesa del mateix.<\/span><\/p>\n<p><span class=\"blanc-space ng-binding\"><span>Gremi de Forners de Barcelona<\/span><\/span><span>\u00a0\u00a0es reserva el dret a modificar la seva Pol\u00edtica de Privadesa, d&#8217;acord amb el seu propi criteri, o motivat per un canvi legislatiu, jurisprudencial o doctrinal de l&#8217;Ag\u00e8ncia Espanyola de Protecci\u00f3 de Dades.\u00a0Els canvis o actualitzacions d&#8217;aquesta Pol\u00edtica de Privadesa no seran notificats de manera expl\u00edcita a l&#8217;Usuari.\u00a0Es recomana a l&#8217;Usuari consultar aquesta p\u00e0gina de forma peri\u00f2dica per estar al corrent dels darrers canvis o actualitzacions.<\/span><\/p>\n<p><span>Aquesta Pol\u00edtica de Privadesa va ser actualitzada per adaptar-se al Reglament (UE) 2016\/679 del Parlament Europeu i del Consell, de 27 d&#8217;abril de 2016, relatiu a la protecci\u00f3 de les persones f\u00edsiques pel que fa al tractament de dades personals ia la lliure circulaci\u00f3 d&#8217;aquestes dades (RGPD) ia la Llei org\u00e0nica 3\/2018, del 5 de desembre, de protecci\u00f3 de dades personals i garantia dels drets digitals.<\/span><\/p>\n<\/div>\n","protected":false},"excerpt":{"rendered":"<p>POL\u00cdTICA DE PRIVACITAT DEL LLOC WEB https:\/\/www.gremipabcn.com\/ I. POL\u00cdTICA DE PRIVACITAT I [&hellip;]<\/p>\n","protected":false},"author":1,"featured_media":0,"parent":0,"menu_order":888,"comment_status":"closed","ping_status":"closed","template":"","meta":{"_acf_changed":false,"_et_pb_use_builder":"on","_et_pb_old_content":"","_et_gb_content_width":"","footnotes":""},"class_list":["post-7708","page","type-page","status-publish","hentry"],"acf":[],"_links":{"self":[{"href":"https:\/\/www.gremipabcn.com\/ca\/wp-json\/wp\/v2\/pages\/7708","targetHints":{"allow":["GET"]}}],"collection":[{"href":"https:\/\/www.gremipabcn.com\/ca\/wp-json\/wp\/v2\/pages"}],"about":[{"href":"https:\/\/www.gremipabcn.com\/ca\/wp-json\/wp\/v2\/types\/page"}],"author":[{"embeddable":true,"href":"https:\/\/www.gremipabcn.com\/ca\/wp-json\/wp\/v2\/users\/1"}],"replies":[{"embeddable":true,"href":"https:\/\/www.gremipabcn.com\/ca\/wp-json\/wp\/v2\/comments?post=7708"}],"version-history":[{"count":0,"href":"https:\/\/www.gremipabcn.com\/ca\/wp-json\/wp\/v2\/pages\/7708\/revisions"}],"wp:attachment":[{"href":"https:\/\/www.gremipabcn.com\/ca\/wp-json\/wp\/v2\/media?parent=7708"}],"curies":[{"name":"wp","href":"https:\/\/api.w.org\/{rel}","templated":true}]}}