{"id":7595,"date":"2023-05-17T17:39:51","date_gmt":"2023-05-17T15:39:51","guid":{"rendered":"https:\/\/www.gremipabcn.com\/?page_id=7595"},"modified":"2024-05-07T16:31:02","modified_gmt":"2024-05-07T14:31:02","slug":"seccion-en-mantenimiento","status":"publish","type":"page","link":"https:\/\/www.gremipabcn.com\/ca\/seccion-en-mantenimiento\/","title":{"rendered":"secci\u00f3n en mantenimiento"},"content":{"rendered":"<p>[et_pb_section fb_built=&#8221;1&#8243; fullwidth=&#8221;on&#8221; _builder_version=&#8221;4.17.4&#8243; _module_preset=&#8221;default&#8221; global_colors_info=&#8221;{}&#8221;][et_pb_fullwidth_post_title meta=&#8221;off&#8221; featured_placement=&#8221;background&#8221; text_color=&#8221;light&#8221; _builder_version=&#8221;4.19.2&#8243; _module_preset=&#8221;default&#8221; title_font=&#8221;|700||on|||||&#8221; title_text_align=&#8221;left&#8221; title_font_size=&#8221;40px&#8221; background_enable_color=&#8221;off&#8221; background_image=&#8221;https:\/\/www.gremipabcn.com\/wp-content\/uploads\/2022\/06\/bg-cursos.jpg&#8221; text_orientation=&#8221;center&#8221; custom_margin=&#8221;||0px||false|false&#8221; custom_padding=&#8221;206px||60px||false|false&#8221; global_colors_info=&#8221;{}&#8221;][\/et_pb_fullwidth_post_title][\/et_pb_section][et_pb_section fb_built=&#8221;1&#8243; _builder_version=&#8221;4.19.2&#8243; _module_preset=&#8221;default&#8221; background_color=&#8221;#f8f6f5&#8243; custom_margin=&#8221;||||false|false&#8221; custom_padding=&#8221;57px||||false|false&#8221; global_colors_info=&#8221;{}&#8221;][et_pb_row admin_label=&#8221;Bienvenidos &#8221; _builder_version=&#8221;4.19.2&#8243; _module_preset=&#8221;default&#8221; background_enable_color=&#8221;off&#8221; width=&#8221;50%&#8221; width_tablet=&#8221;100%&#8221; width_phone=&#8221;100%&#8221; width_last_edited=&#8221;on|phone&#8221; custom_margin=&#8221;0px||0px||false|false&#8221; custom_padding=&#8221;0px||30px||false|false&#8221; global_colors_info=&#8221;{}&#8221;][et_pb_column type=&#8221;4_4&#8243; _builder_version=&#8221;4.17.4&#8243; _module_preset=&#8221;default&#8221; global_colors_info=&#8221;{}&#8221;][et_pb_text admin_label=&#8221;T\u00edtulo&#8221; _builder_version=&#8221;4.21.0&#8243; _module_preset=&#8221;default&#8221; header_font=&#8221;||||||||&#8221; header_text_color=&#8221;#FFFFFF&#8221; header_line_height=&#8221;1.3em&#8221; background_color=&#8221;#583824&#8243; module_alignment=&#8221;center&#8221; custom_padding=&#8221;30px|30px|30px|30px|true|true&#8221; header_text_align_tablet=&#8221;center&#8221; header_text_align_phone=&#8221;center&#8221; header_text_align_last_edited=&#8221;on|desktop&#8221; global_colors_info=&#8221;{}&#8221;]<\/p>\n<h1>Estamos trabajando para mejorar<\/h1>\n<p>[\/et_pb_text][et_pb_text admin_label=&#8221;Texto&#8221; _builder_version=&#8221;4.24.2&#8243; _module_preset=&#8221;default&#8221; header_5_text_color=&#8221;#583824&#8243; header_5_font_size=&#8221;19px&#8221; text_orientation=&#8221;justified&#8221; custom_margin_tablet=&#8221;&#8221; custom_margin_phone=&#8221;||||false|false&#8221; custom_margin_last_edited=&#8221;on|desktop&#8221; custom_padding=&#8221;|30px||30px|false|true&#8221; custom_padding_tablet=&#8221;|30px||30px|false|true&#8221; custom_padding_phone=&#8221;|20px||20px|false|true&#8221; custom_padding_last_edited=&#8221;on|phone&#8221; hover_enabled=&#8221;0&#8243; text_orientation_tablet=&#8221;justified&#8221; text_orientation_phone=&#8221;center&#8221; text_orientation_last_edited=&#8221;on|phone&#8221; global_colors_info=&#8221;{}&#8221; sticky_enabled=&#8221;0&#8243;]<\/p>\n<h5>Te pedimos disculpas<\/h5>\n<p>Estas intentando acceder a una secci\u00f3n de nuestra web que actualmente est\u00e1 en desarrollo. Nuestra motivaci\u00f3n es ofrecer la mejor experiencia a nuestros clientes, por ese motivo estamos trabajando en esta secci\u00f3n y actualmente no est\u00e1 habilitada para la consulta online.<\/p>\n<p>Te animamos a poner en contacto con nosotros por tel\u00e9fono al 93 215 55 00 o rellenando el siguiente formulario de contacto.[\/et_pb_text][\/et_pb_column][\/et_pb_row][et_pb_row admin_label=&#8221;- espacio -&#8221; module_id=&#8221;historia&#8221; _builder_version=&#8221;4.19.2&#8243; _module_preset=&#8221;default&#8221; custom_margin=&#8221;0px||0px||false|false&#8221; global_colors_info=&#8221;{}&#8221;][et_pb_column type=&#8221;4_4&#8243; _builder_version=&#8221;4.19.2&#8243; _module_preset=&#8221;default&#8221; global_colors_info=&#8221;{}&#8221;][et_pb_code _builder_version=&#8221;4.21.0&#8243; _module_preset=&#8221;default&#8221; global_colors_info=&#8221;{}&#8221;]\n<div class=\"wpcf7 no-js\" id=\"wpcf7-f7625-o1\" lang=\"es-ES\" dir=\"ltr\" data-wpcf7-id=\"7625\">\n<div class=\"screen-reader-response\"><p role=\"status\" aria-live=\"polite\" aria-atomic=\"true\"><\/p> <ul><\/ul><\/div>\n<form action=\"\/ca\/wp-json\/wp\/v2\/pages\/7595#wpcf7-f7625-o1\" method=\"post\" class=\"wpcf7-form init\" aria-label=\"Formulario de contacto\" novalidate=\"novalidate\" data-status=\"init\">\n<fieldset class=\"hidden-fields-container\"><input type=\"hidden\" name=\"_wpcf7\" value=\"7625\" \/><input type=\"hidden\" name=\"_wpcf7_version\" value=\"6.1.5\" \/><input type=\"hidden\" name=\"_wpcf7_locale\" value=\"es_ES\" \/><input type=\"hidden\" name=\"_wpcf7_unit_tag\" value=\"wpcf7-f7625-o1\" \/><input type=\"hidden\" name=\"_wpcf7_container_post\" value=\"0\" \/><input type=\"hidden\" name=\"_wpcf7_posted_data_hash\" value=\"\" \/><input type=\"hidden\" name=\"_wpcf7_recaptcha_response\" value=\"\" \/>\n<\/fieldset>\n<div class=\"inner_form\">\n\t<p><span class=\"wpcf7-form-control-wrap\" data-name=\"nombre\"><input size=\"40\" maxlength=\"400\" class=\"wpcf7-form-control wpcf7-text wpcf7-validates-as-required\" aria-required=\"true\" aria-invalid=\"false\" placeholder=\"Nombre y apellidos\" value=\"\" type=\"text\" name=\"nombre\" \/><\/span><br \/>\n<span class=\"wpcf7-form-control-wrap\" data-name=\"poblacion\"><input size=\"40\" maxlength=\"400\" class=\"wpcf7-form-control wpcf7-text wpcf7-validates-as-required\" aria-required=\"true\" aria-invalid=\"false\" placeholder=\"Poblaci\u00f3n\" value=\"\" type=\"text\" name=\"poblacion\" \/><\/span><br \/>\n<span class=\"wpcf7-form-control-wrap\" data-name=\"telefono\"><input size=\"40\" maxlength=\"400\" class=\"wpcf7-form-control wpcf7-tel wpcf7-validates-as-required wpcf7-text wpcf7-validates-as-tel\" aria-required=\"true\" aria-invalid=\"false\" placeholder=\"Tel\u00e9fono\" value=\"\" type=\"tel\" name=\"telefono\" \/><\/span><br \/>\n<span class=\"wpcf7-form-control-wrap\" data-name=\"email\"><input size=\"40\" maxlength=\"400\" class=\"wpcf7-form-control wpcf7-email wpcf7-validates-as-required wpcf7-text wpcf7-validates-as-email\" aria-required=\"true\" aria-invalid=\"false\" placeholder=\"E-mail\" value=\"\" type=\"email\" name=\"email\" \/><\/span><br \/>\n<span class=\"wpcf7-form-control-wrap\" data-name=\"consulta\"><textarea cols=\"40\" rows=\"10\" maxlength=\"2000\" class=\"wpcf7-form-control wpcf7-textarea wpcf7-validates-as-required\" aria-required=\"true\" aria-invalid=\"false\" placeholder=\"Escribe tu consulta\" name=\"consulta\"><\/textarea><\/span><br \/>\n<span class=\"wpcf7-form-control-wrap\" data-name=\"acceptance-200\"><span class=\"wpcf7-form-control wpcf7-acceptance\"><span class=\"wpcf7-list-item\"><input type=\"checkbox\" name=\"acceptance-200\" value=\"1\" aria-invalid=\"false\" \/><\/span><\/span><\/span> He le\u00eddo y acepto la <a href=\"\/politica-de-privacidad\/\" target=\"_blank\">Pol\u00edtica de Protecci\u00f3n de Datos<\/a> y las Condiciones de Cancelaci\u00f3n\n\t<\/p>\n\t<p class=\"texto_mini\"><br \/>\nResponsable de los datos: Gremi de Flequers de Barcelona.<br \/>\nFinalidad de los datos: Relaci\u00f3n comercial y env\u00edo de comunicaciones sobre nuestros productos y servicios.<br \/>\nAlmacenamiento de los datos: Base de datos alojada en _______.<br \/>\nDerechos: En cualquier momento puedes limitar, recuperar y borrar tu informaci\u00f3n.\n\t<\/p>\n<\/div>\n<p><input class=\"wpcf7-form-control wpcf7-submit has-spinner\" type=\"submit\" value=\"enviar consulta\" \/>\n<\/p><div class=\"wpcf7-response-output\" aria-hidden=\"true\"><\/div>\n<\/form>\n<\/div>\n<!-- [et_pb_line_break_holder] --><\/p>\n<style><!-- [et_pb_line_break_holder] -->  .wpcf7-form-control-wrap textarea{<!-- [et_pb_line_break_holder] -->   \twidth: 100%;<!-- [et_pb_line_break_holder] -->    padding: 20px;<!-- [et_pb_line_break_holder] -->    margin-bottom: 10px;<!-- [et_pb_line_break_holder] -->    background: #FFFFFF;<!-- [et_pb_line_break_holder] -->    border: 1px solid #CDCDCD;<!-- [et_pb_line_break_holder] -->    border-radius: 8px;<!-- [et_pb_line_break_holder] -->  }<!-- [et_pb_line_break_holder] --><\/style>\n<p>[\/et_pb_code][\/et_pb_column][\/et_pb_row][\/et_pb_section]<\/p>\n","protected":false},"excerpt":{"rendered":"<p>Estamos trabajando para mejorarTe pedimos disculpas Estas intentando acceder a una secci\u00f3n [&hellip;]<\/p>\n","protected":false},"author":1,"featured_media":0,"parent":0,"menu_order":88,"comment_status":"closed","ping_status":"closed","template":"","meta":{"_acf_changed":false,"_et_pb_use_builder":"on","_et_pb_old_content":"","_et_gb_content_width":"","footnotes":""},"class_list":["post-7595","page","type-page","status-publish","hentry"],"acf":[],"_links":{"self":[{"href":"https:\/\/www.gremipabcn.com\/ca\/wp-json\/wp\/v2\/pages\/7595","targetHints":{"allow":["GET"]}}],"collection":[{"href":"https:\/\/www.gremipabcn.com\/ca\/wp-json\/wp\/v2\/pages"}],"about":[{"href":"https:\/\/www.gremipabcn.com\/ca\/wp-json\/wp\/v2\/types\/page"}],"author":[{"embeddable":true,"href":"https:\/\/www.gremipabcn.com\/ca\/wp-json\/wp\/v2\/users\/1"}],"replies":[{"embeddable":true,"href":"https:\/\/www.gremipabcn.com\/ca\/wp-json\/wp\/v2\/comments?post=7595"}],"version-history":[{"count":0,"href":"https:\/\/www.gremipabcn.com\/ca\/wp-json\/wp\/v2\/pages\/7595\/revisions"}],"wp:attachment":[{"href":"https:\/\/www.gremipabcn.com\/ca\/wp-json\/wp\/v2\/media?parent=7595"}],"curies":[{"name":"wp","href":"https:\/\/api.w.org\/{rel}","templated":true}]}}