{"id":2986,"date":"2022-06-30T07:49:37","date_gmt":"2022-06-30T05:49:37","guid":{"rendered":"https:\/\/www.gremipabcn.com\/formacions\/"},"modified":"2024-03-28T14:41:52","modified_gmt":"2024-03-28T13:41:52","slug":"formacions","status":"publish","type":"page","link":"https:\/\/www.gremipabcn.com\/ca\/formacions\/","title":{"rendered":"Formacions"},"content":{"rendered":"<p>[et_pb_section fb_built=&#8221;1&#8243; fullwidth=&#8221;on&#8221; admin_label=&#8221;ESCUELA&#8221; _builder_version=&#8221;4.17.4&#8243; _module_preset=&#8221;default&#8221; locked=&#8221;off&#8221; collapsed=&#8221;off&#8221; global_colors_info=&#8221;{}&#8221;][et_pb_fullwidth_slider use_bg_overlay=&#8221;off&#8221; _builder_version=&#8221;4.24.2&#8243; _module_preset=&#8221;default&#8221; custom_button=&#8221;on&#8221; button_text_size=&#8221;16px&#8221; button_text_color=&#8221;#333045&#8243; button_bg_color=&#8221;#FFFFFF&#8221; button_border_radius=&#8221;0px&#8221; button_letter_spacing=&#8221;1px&#8221; button_use_icon=&#8221;off&#8221; button_custom_padding=&#8221;10px|25px|10px|25px|true|true&#8221; custom_padding=&#8221;||305px||false|false&#8221; link_option_url=&#8221;#cursos&#8221; box_shadow_style_button=&#8221;preset4&#8243; box_shadow_horizontal_button=&#8221;4px&#8221; box_shadow_vertical_button=&#8221;4px&#8221; box_shadow_color_button=&#8221;#333045&#8243; global_colors_info=&#8221;{}&#8221; button_bg_color__hover_enabled=&#8221;on|hover&#8221; button_bg_color__hover=&#8221;#EEE7DD&#8221; button_bg_enable_color__hover=&#8221;on&#8221;][et_pb_slide admin_title=&#8221;escuela&#8221; _builder_version=&#8221;4.24.2&#8243; _module_preset=&#8221;default&#8221; background_color=&#8221;RGBA(255,255,255,0)&#8221; background_enable_color=&#8221;on&#8221; background_image=&#8221;https:\/\/www.gremipabcn.com\/wp-content\/uploads\/2022\/11\/video_fnd.jpg&#8221; background_enable_image=&#8221;on&#8221; parallax=&#8221;on&#8221; background_last_edited=&#8221;on|phone&#8221; parallax_phone=&#8221;off&#8221; global_colors_info=&#8221;{}&#8221; button_bg_color__hover_enabled=&#8221;on|desktop&#8221; button_bg_color__hover=&#8221;#333045&#8243; button_bg_enable_color__hover=&#8221;on&#8221; button_border_color__hover_enabled=&#8221;on|desktop&#8221; button_border_color__hover=&#8221;#333045&#8243; sticky_transition=&#8221;on&#8221;]<\/p>\n<div id=\"diapo1\">\n<div id=\"linea1\">DESCOBREIX LA<\/div>\n<div id=\"linea2\">ESCOLA<\/div>\n<\/div>\n<p>[\/et_pb_slide][\/et_pb_fullwidth_slider][et_pb_fullwidth_code _builder_version=&#8221;4.24.2&#8243; _module_preset=&#8221;default&#8221; locked=&#8221;off&#8221; global_colors_info=&#8221;{}&#8221;]<\/p>\n<style><!-- [et_pb_line_break_holder] -->\/***************************\/<!-- [et_pb_line_break_holder] -->\/*EFECTO CSS Texto EN SLIDE*\/<!-- [et_pb_line_break_holder] -->\/***************************\/<!-- [et_pb_line_break_holder] -->\/******DIAPOSITIVA 1********\/<!-- [et_pb_line_break_holder] -->#diapo1 #linea1{<!-- [et_pb_line_break_holder] -->\tposition: relative;<!-- [et_pb_line_break_holder] -->\ttext-shadow: 0 0 0.2em #000, 0 0 0.2em #000,<!-- [et_pb_line_break_holder] -->\t\t0 0 0.2em #000;<!-- [et_pb_line_break_holder] -->}<!-- [et_pb_line_break_holder] -->#diapo1 #linea2{<!-- [et_pb_line_break_holder] -->\tposition: relative;<!-- [et_pb_line_break_holder] -->\tfont-family: 'Bebas Neue',display !important;<!-- [et_pb_line_break_holder] -->\ttext-shadow: 0 0 0.2em #000, 0 0 0.2em #000,<!-- [et_pb_line_break_holder] -->\t\t0 0 0.2em #000;  <!-- [et_pb_line_break_holder] -->}<!-- [et_pb_line_break_holder] -->@media (min-width: 675px) {<!-- [et_pb_line_break_holder] -->  #diapo1 #linea1{<!-- [et_pb_line_break_holder] -->    font-size: 30px;<!-- [et_pb_line_break_holder] -->\t}<!-- [et_pb_line_break_holder] -->  #diapo1 #linea2{<!-- [et_pb_line_break_holder] -->\tfont-size: 100px;<!-- [et_pb_line_break_holder] -->\ttop: 45px;<!-- [et_pb_line_break_holder] -->  }<!-- [et_pb_line_break_holder] -->}<!-- [et_pb_line_break_holder] -->@media (min-width: 550px) and (max-width: 674px) {<!-- [et_pb_line_break_holder] -->  #diapo1 #linea1{<!-- [et_pb_line_break_holder] -->    font-size: 30px;<!-- [et_pb_line_break_holder] -->\t}<!-- [et_pb_line_break_holder] -->  #diapo1 #linea2{<!-- [et_pb_line_break_holder] -->\tfont-size: 100px;<!-- [et_pb_line_break_holder] -->\ttop: 5px;<!-- [et_pb_line_break_holder] -->  }<!-- [et_pb_line_break_holder] -->}<!-- [et_pb_line_break_holder] -->@media (max-width: 549px) {<!-- [et_pb_line_break_holder] -->  #diapo1 #linea1{<!-- [et_pb_line_break_holder] -->    font-size: 15px;<!-- [et_pb_line_break_holder] -->    top: 120px;<!-- [et_pb_line_break_holder] -->\t}<!-- [et_pb_line_break_holder] -->  #diapo1 #linea2{<!-- [et_pb_line_break_holder] -->\tfont-size: 50px;<!-- [et_pb_line_break_holder] -->\ttop: 150px;<!-- [et_pb_line_break_holder] -->  }<!-- [et_pb_line_break_holder] -->}<!-- [et_pb_line_break_holder] -->\/******DIAPOSITIVA 2********\/<!-- [et_pb_line_break_holder] -->#diapo2 #linea1{<!-- [et_pb_line_break_holder] -->\tposition: relative;<!-- [et_pb_line_break_holder] -->\tfont-family: 'Bebas Neue',display !important;<!-- [et_pb_line_break_holder] -->\ttext-shadow: 0 0 0.2em #000, 0 0 0.2em #000,<!-- [et_pb_line_break_holder] -->\t\t0 0 0.2em #000;<!-- [et_pb_line_break_holder] -->}<!-- [et_pb_line_break_holder] -->#diapo2 #linea2{<!-- [et_pb_line_break_holder] -->\tposition: relative;<!-- [et_pb_line_break_holder] -->\ttext-shadow: 0 0 0.2em #000, 0 0 0.2em #000,<!-- [et_pb_line_break_holder] -->\t\t0 0 0.2em #000;<!-- [et_pb_line_break_holder] -->}<!-- [et_pb_line_break_holder] -->#diapo2 #linea3{<!-- [et_pb_line_break_holder] -->\tposition: relative;<!-- [et_pb_line_break_holder] -->\ttext-shadow: 0 0 0.2em #000, 0 0 0.2em #000,<!-- [et_pb_line_break_holder] -->\t\t0 0 0.2em #000;<!-- [et_pb_line_break_holder] -->}<!-- [et_pb_line_break_holder] -->@media (min-width: 675px) {<!-- [et_pb_line_break_holder] -->  #diapo2 #linea1{<!-- [et_pb_line_break_holder] -->    font-size: 100px;<!-- [et_pb_line_break_holder] -->\t\ttop: 40px;<!-- [et_pb_line_break_holder] -->\t}<!-- [et_pb_line_break_holder] -->  #diapo2 #linea2{<!-- [et_pb_line_break_holder] -->\tfont-size: 30px;<!-- [et_pb_line_break_holder] -->\ttop: 70px;<!-- [et_pb_line_break_holder] -->  }<!-- [et_pb_line_break_holder] -->  #diapo2 #linea3{<!-- [et_pb_line_break_holder] -->\tfont-size: 30px;<!-- [et_pb_line_break_holder] -->\ttop: 80px;<!-- [et_pb_line_break_holder] -->  }<!-- [et_pb_line_break_holder] -->}<!-- [et_pb_line_break_holder] -->@media (min-width: 550px) and (max-width: 674px) {<!-- [et_pb_line_break_holder] -->  #diapo2 #linea1{<!-- [et_pb_line_break_holder] -->    font-size: 100px;<!-- [et_pb_line_break_holder] -->\t}<!-- [et_pb_line_break_holder] -->  #diapo2 #linea2{<!-- [et_pb_line_break_holder] -->\tfont-size: 30px;<!-- [et_pb_line_break_holder] -->\ttop: 30px;<!-- [et_pb_line_break_holder] -->  }<!-- [et_pb_line_break_holder] -->  #diapo2 #linea3{<!-- [et_pb_line_break_holder] -->\tfont-size: 30px;<!-- [et_pb_line_break_holder] -->\ttop: 40px;<!-- [et_pb_line_break_holder] -->  }  <!-- [et_pb_line_break_holder] -->}<!-- [et_pb_line_break_holder] -->@media (max-width: 549px) {<!-- [et_pb_line_break_holder] -->  #diapo2 #linea1{<!-- [et_pb_line_break_holder] -->    font-size: 50px;<!-- [et_pb_line_break_holder] -->\t}<!-- [et_pb_line_break_holder] -->  #diapo2 #linea2{<!-- [et_pb_line_break_holder] -->\tfont-size: 15px;<!-- [et_pb_line_break_holder] -->\ttop: 5px;<!-- [et_pb_line_break_holder] -->  }<!-- [et_pb_line_break_holder] -->  #diapo2 #linea3{<!-- [et_pb_line_break_holder] -->\tfont-size: 15px;<!-- [et_pb_line_break_holder] -->\ttop: 5px;<!-- [et_pb_line_break_holder] -->  }  <!-- [et_pb_line_break_holder] -->}<!-- [et_pb_line_break_holder] -->\/******DIAPOSITIVA 3********\/<!-- [et_pb_line_break_holder] -->#diapo3 #linea1{<!-- [et_pb_line_break_holder] -->\tposition: relative;<!-- [et_pb_line_break_holder] -->\ttext-shadow: 0 0 0.2em #000, 0 0 0.2em #000,<!-- [et_pb_line_break_holder] -->\t\t0 0 0.2em #000;<!-- [et_pb_line_break_holder] -->}<!-- [et_pb_line_break_holder] -->#diapo3 #linea2{<!-- [et_pb_line_break_holder] -->\tposition: relative;<!-- [et_pb_line_break_holder] -->\tfont-family: 'Bebas Neue',display !important;<!-- [et_pb_line_break_holder] -->\ttext-shadow: 0 0 0.2em #000, 0 0 0.2em #000,<!-- [et_pb_line_break_holder] -->\t\t0 0 0.2em #000;<!-- [et_pb_line_break_holder] -->}<!-- [et_pb_line_break_holder] -->#diapo3 #linea3{<!-- [et_pb_line_break_holder] -->\tposition: relative;<!-- [et_pb_line_break_holder] -->\ttext-shadow: 0 0 0.2em #000, 0 0 0.2em #000,<!-- [et_pb_line_break_holder] -->\t\t0 0 0.2em #000;<!-- [et_pb_line_break_holder] -->}<!-- [et_pb_line_break_holder] -->@media (min-width: 675px) {<!-- [et_pb_line_break_holder] -->  #diapo3 #linea1{<!-- [et_pb_line_break_holder] -->    font-size: 30px;<!-- [et_pb_line_break_holder] -->\t}<!-- [et_pb_line_break_holder] -->  #diapo3 #linea2{<!-- [et_pb_line_break_holder] -->\tfont-size: 100px;<!-- [et_pb_line_break_holder] -->\ttop: 40px;<!-- [et_pb_line_break_holder] -->  }<!-- [et_pb_line_break_holder] -->  #diapo3 #linea3{<!-- [et_pb_line_break_holder] -->\tfont-size: 30px;<!-- [et_pb_line_break_holder] -->\ttop: 70px;<!-- [et_pb_line_break_holder] -->  }<!-- [et_pb_line_break_holder] -->}<!-- [et_pb_line_break_holder] -->@media (min-width: 550px) and (max-width: 674px) {<!-- [et_pb_line_break_holder] -->  #diapo3 #linea1{<!-- [et_pb_line_break_holder] -->    font-size: 30px;<!-- [et_pb_line_break_holder] -->\t}<!-- [et_pb_line_break_holder] -->  #diapo3 #linea2{<!-- [et_pb_line_break_holder] -->\tfont-size: 100px;<!-- [et_pb_line_break_holder] -->\ttop: 40px;<!-- [et_pb_line_break_holder] -->  }<!-- [et_pb_line_break_holder] -->  #diapo3 #linea3{<!-- [et_pb_line_break_holder] -->\tfont-size: 30px;<!-- [et_pb_line_break_holder] -->\ttop: 70px;<!-- [et_pb_line_break_holder] -->  }<!-- [et_pb_line_break_holder] -->}<!-- [et_pb_line_break_holder] -->@media (max-width: 549px) {<!-- [et_pb_line_break_holder] -->  #diapo3 #linea1{<!-- [et_pb_line_break_holder] -->    font-size: 13x;<!-- [et_pb_line_break_holder] -->\t}<!-- [et_pb_line_break_holder] -->  #diapo3 #linea2{<!-- [et_pb_line_break_holder] -->\tfont-size: 50px;<!-- [et_pb_line_break_holder] -->\ttop: 10px;<!-- [et_pb_line_break_holder] -->  }<!-- [et_pb_line_break_holder] -->  #diapo3 #linea3{<!-- [et_pb_line_break_holder] -->\tfont-size: 15px;<!-- [et_pb_line_break_holder] -->\ttop: 15px;<!-- [et_pb_line_break_holder] -->  }  <!-- [et_pb_line_break_holder] -->}<!-- [et_pb_line_break_holder] --><!-- [et_pb_line_break_holder] --><\/style>\n<p>[\/et_pb_fullwidth_code][\/et_pb_section][et_pb_section fb_built=&#8221;1&#8243; module_id=&#8221;cursos&#8221; _builder_version=&#8221;4.24.2&#8243; _module_preset=&#8221;default&#8221; background_color=&#8221;#f8f6f5&#8243; global_colors_info=&#8221;{}&#8221;][et_pb_row custom_padding_last_edited=&#8221;on|desktop&#8221; _builder_version=&#8221;4.24.2&#8243; _module_preset=&#8221;default&#8221; custom_margin=&#8221;||||false|false&#8221; custom_padding=&#8221;||0px||false|false&#8221; custom_padding_tablet=&#8221;&#8221; custom_padding_phone=&#8221;||0px||false|false&#8221; locked=&#8221;off&#8221; global_colors_info=&#8221;{}&#8221;][et_pb_column type=&#8221;4_4&#8243; _builder_version=&#8221;4.19.2&#8243; _module_preset=&#8221;default&#8221; global_colors_info=&#8221;{}&#8221;][et_pb_text _builder_version=&#8221;4.24.2&#8243; _module_preset=&#8221;default&#8221; text_font=&#8221;||||||||&#8221; text_text_color=&#8221;#000000&#8243; header_font=&#8221;Bebas Neue||||||||&#8221; header_text_align=&#8221;center&#8221; header_text_color=&#8221;#000000&#8243; header_font_size=&#8221;80px&#8221; header_3_font=&#8221;||||||||&#8221; text_orientation=&#8221;center&#8221; custom_margin=&#8221;0px||25px||false|false&#8221; custom_padding=&#8221;0px||0px||false|false&#8221; header_font_size_tablet=&#8221;80px&#8221; header_font_size_phone=&#8221;50px&#8221; header_font_size_last_edited=&#8221;on|phone&#8221; locked=&#8221;off&#8221; global_colors_info=&#8221;{}&#8221;]<\/p>\n<p><spam style=\"font-size: 80px; font-family: 'Bebas Neue';\">CURSOS<\/spam><\/p>\n<p>[\/et_pb_text][et_pb_text content_tablet=&#8221;<spam style=%22font-size: 22px; font-family: &apos;Poppins&apos;;%22>Al Gremi de Flequers de Barcelona, el nostre comprom\u00eds \u00e9s fomentar el creixement i passi\u00f3 per l&apos;art del forn.<br \/>\nOferim una varietat de cursos, tant presencials en les nostres instal\u00b7lacions equipades amb l&apos;\u00faltima tecnologia, com a en l\u00ednia, permetent l&apos;acc\u00e9s des de qualsevol lloc.<br \/>\nEls nostres programes estan dissenyats per a cobrir tots els nivells d&apos;experi\u00e8ncia, des d&apos;aficionats que fan els seus primers passos en el m\u00f3n del forn, fins a professionals que busquen perfeccionar les seves t\u00e8cniques i coneixements.<br \/>\nCada curs \u00e9s impartit per mestres forners amb \u00e0mplia experi\u00e8ncia, assegurant una formaci\u00f3 de qualitat que combina tradici\u00f3 i les \u00faltimes innovacions en el sector.<br \/>\nAcompanya&apos;ns per a transformar la teva passi\u00f3 pel forn en una habilitat mestra, explorant noves t\u00e8cniques, habilitats i coneixements.<br \/>\nDescobreix m\u00e9s sobre els nostres programes i com inscriure&apos;t visitant la nostra plataforma de formaci\u00f3.<\/spam>&#8221; content_phone=&#8221;<spam style=%22font-size: 18px; font-family: &apos;Poppins&apos;;%22>El nostre comprom\u00eds \u00e9s fomentar el creixement i passi\u00f3 per l&apos;art del forn.<br \/>\nOferim una varietat de cursos, tant presencials en les nostres instal\u00b7lacions equipades amb l&apos;\u00faltima tecnologia, com a en l\u00ednia, permetent l&apos;acc\u00e9s des de qualsevol lloc.<br \/>\nDescobreix m\u00e9s sobre els nostres programes i com inscriure&apos;t visitant la nostra plataforma de formaci\u00f3.<\/spam>&#8221; content_last_edited=&#8221;on|phone&#8221; _builder_version=&#8221;4.24.2&#8243; _module_preset=&#8221;default&#8221; text_font=&#8221;||||||||&#8221; text_text_color=&#8221;#000000&#8243; header_font=&#8221;Bebas Neue||||||||&#8221; header_text_align=&#8221;center&#8221; header_text_color=&#8221;#000000&#8243; header_font_size=&#8221;80px&#8221; header_3_font=&#8221;||||||||&#8221; text_orientation=&#8221;center&#8221; custom_margin=&#8221;0px||25px||false|false&#8221; custom_padding=&#8221;0px||0px||false|false&#8221; header_font_size_tablet=&#8221;80px&#8221; header_font_size_phone=&#8221;50px&#8221; header_font_size_last_edited=&#8221;on|phone&#8221; locked=&#8221;off&#8221; global_colors_info=&#8221;{}&#8221;]<spam style=\"font-size: 22px; font-family: 'Poppins';\">Al Gremi de Flequers de Barcelona, el nostre comprom\u00eds \u00e9s fomentar el creixement i passi\u00f3 per l&#8217;art de la fleca.<br \/>\nOferim una varietat de cursos, tant presencials en les nostres instal\u00b7lacions equipades amb l&#8217;\u00faltima tecnologia, com en l\u00ednia, permetent l&#8217;acc\u00e9s des de qualsevol lloc.<br \/>\nEls nostres programes estan dissenyats per cobrir tots els nivells d&#8217;experi\u00e8ncia, des d&#8217;aficionats que fan els seus primers passos, fins a professionals que busquen perfeccionar les seves t\u00e8cniques i coneixements.<br \/>\nCada curs \u00e9s impartit per mestres forners amb \u00e0mplia experi\u00e8ncia, assegurant una formaci\u00f3 de qualitat que combina tradici\u00f3 i les \u00faltimes innovacions en el sector.<br \/>\nAcompanya&#8217;ns per a transformar la teva passi\u00f3, en una habilitat mestra, explorant noves t\u00e8cniques, i adquirin nous coneixements.<br \/>\nDescobreix m\u00e9s sobre els nostres programes i com inscriure&#8217;t visitant la nostra plataforma de formaci\u00f3.<\/spam>[\/et_pb_text][\/et_pb_column][\/et_pb_row][et_pb_row column_structure=&#8221;1_2,1_2&#8243; _builder_version=&#8221;4.24.2&#8243; _module_preset=&#8221;default&#8221; locked=&#8221;off&#8221; global_colors_info=&#8221;{}&#8221;][et_pb_column type=&#8221;1_2&#8243; _builder_version=&#8221;4.24.2&#8243; _module_preset=&#8221;default&#8221; global_colors_info=&#8221;{}&#8221;][et_pb_button button_url=&#8221;https:\/\/www.gremipabcn.com\/ca\/formacions-presenciales\/&#8221; button_text=&#8221;Formaci\u00f3 Presencial&#8221; button_alignment=&#8221;left&#8221; button_alignment_tablet=&#8221;center&#8221; button_alignment_phone=&#8221;center&#8221; button_alignment_last_edited=&#8221;on|desktop&#8221; _builder_version=&#8221;4.24.2&#8243; _module_preset=&#8221;default&#8221; custom_button=&#8221;on&#8221; button_text_size=&#8221;17px&#8221; button_text_color=&#8221;#FFFFFF&#8221; button_bg_color=&#8221;#C89965&#8243; button_border_width=&#8221;0px&#8221; button_font=&#8221;|||on|||||&#8221; button_use_icon=&#8221;off&#8221; custom_margin=&#8221;||||false|false&#8221; custom_padding=&#8221;25px|50px|25px|50px|true|true&#8221; global_colors_info=&#8221;{}&#8221; button_bg_color__hover_enabled=&#8221;on|hover&#8221; button_bg_color__hover=&#8221;#583824&#8243; button_bg_enable_color__hover=&#8221;on&#8221; button_text_size__hover_enabled=&#8221;on|desktop&#8221; button_text_size__hover=&#8221;17px&#8221;][\/et_pb_button][\/et_pb_column][et_pb_column type=&#8221;1_2&#8243; _builder_version=&#8221;4.19.2&#8243; _module_preset=&#8221;default&#8221; global_colors_info=&#8221;{}&#8221;][et_pb_button button_url=&#8221;https:\/\/www.gremipabcn.com\/ca\/formacions-online\/&#8221; button_text=&#8221;Formaci\u00f3 online&#8221; button_alignment=&#8221;right&#8221; button_alignment_tablet=&#8221;center&#8221; button_alignment_phone=&#8221;center&#8221; button_alignment_last_edited=&#8221;on|phone&#8221; _builder_version=&#8221;4.24.2&#8243; _module_preset=&#8221;default&#8221; custom_button=&#8221;on&#8221; button_text_size=&#8221;17px&#8221; button_text_color=&#8221;#FFFFFF&#8221; button_bg_color=&#8221;#C89965&#8243; button_border_width=&#8221;0px&#8221; button_font=&#8221;|||on|||||&#8221; button_use_icon=&#8221;off&#8221; custom_margin=&#8221;||||false|false&#8221; custom_padding=&#8221;25px|50px|25px|50px|true|true&#8221; global_colors_info=&#8221;{}&#8221; button_bg_color__hover_enabled=&#8221;on|hover&#8221; button_bg_color__hover=&#8221;#583824&#8243; button_bg_enable_color__hover=&#8221;on&#8221; button_text_size__hover_enabled=&#8221;on|desktop&#8221; button_text_size__hover=&#8221;17px&#8221;][\/et_pb_button][\/et_pb_column][\/et_pb_row][\/et_pb_section]<\/p>\n","protected":false},"excerpt":{"rendered":"<p>DESCOBREIX LA ESCOLA CURSOSAl Gremi de Flequers de Barcelona, el nostre comprom\u00eds [&hellip;]<\/p>\n","protected":false},"author":2,"featured_media":2910,"parent":0,"menu_order":4,"comment_status":"closed","ping_status":"closed","template":"","meta":{"_acf_changed":false,"_et_pb_use_builder":"on","_et_pb_old_content":"","_et_gb_content_width":"","footnotes":""},"class_list":["post-2986","page","type-page","status-publish","has-post-thumbnail","hentry"],"acf":[],"_links":{"self":[{"href":"https:\/\/www.gremipabcn.com\/ca\/wp-json\/wp\/v2\/pages\/2986","targetHints":{"allow":["GET"]}}],"collection":[{"href":"https:\/\/www.gremipabcn.com\/ca\/wp-json\/wp\/v2\/pages"}],"about":[{"href":"https:\/\/www.gremipabcn.com\/ca\/wp-json\/wp\/v2\/types\/page"}],"author":[{"embeddable":true,"href":"https:\/\/www.gremipabcn.com\/ca\/wp-json\/wp\/v2\/users\/2"}],"replies":[{"embeddable":true,"href":"https:\/\/www.gremipabcn.com\/ca\/wp-json\/wp\/v2\/comments?post=2986"}],"version-history":[{"count":0,"href":"https:\/\/www.gremipabcn.com\/ca\/wp-json\/wp\/v2\/pages\/2986\/revisions"}],"wp:featuredmedia":[{"embeddable":true,"href":"https:\/\/www.gremipabcn.com\/ca\/wp-json\/wp\/v2\/media\/2910"}],"wp:attachment":[{"href":"https:\/\/www.gremipabcn.com\/ca\/wp-json\/wp\/v2\/media?parent=2986"}],"curies":[{"name":"wp","href":"https:\/\/api.w.org\/{rel}","templated":true}]}}